{"id":14256,"date":"2024-03-01T20:19:49","date_gmt":"2024-03-01T20:19:49","guid":{"rendered":"http:\/\/plata.net.pl\/?page_id=14256"},"modified":"2024-09-04T07:07:39","modified_gmt":"2024-09-04T07:07:39","slug":"page2-2","status":"publish","type":"page","link":"http:\/\/plata.net.pl\/","title":{"rendered":"Index"},"content":{"rendered":"<p>[et_pb_section fb_built=&#8221;1&#8243; custom_padding_last_edited=&#8221;on|phone&#8221; prev_background_color=&#8221;#ffffff&#8221; admin_label=&#8221;Hero Section&#8221; _builder_version=&#8221;4.24.2&#8243; use_background_color_gradient=&#8221;on&#8221; background_color_gradient_type=&#8221;circular&#8221; background_color_gradient_direction_radial=&#8221;top left&#8221; background_color_gradient_stops=&#8221;#2b303a 10%|rgba(43,48,58,0.5) 100%&#8221; background_color_gradient_overlays_image=&#8221;on&#8221; background_color_gradient_start=&#8221;#2b303a&#8221; background_color_gradient_start_position=&#8221;10%&#8221; background_color_gradient_end=&#8221;rgba(43,48,58,0.5)&#8221; background_image=&#8221;http:\/\/plata.net.pl\/wp-content\/uploads\/2024\/03\/cleaning-services-06.jpg&#8221; module_alignment=&#8221;right&#8221; custom_margin=&#8221;4px|60px|4px|60px|true|true&#8221; custom_margin_tablet=&#8221;0px|0px|0px|0px|true|true&#8221; custom_margin_phone=&#8221;&#8221; custom_margin_last_edited=&#8221;on|phone&#8221; custom_padding=&#8221;4vw||0|0|false|false&#8221; custom_padding_tablet=&#8221;|||0px&#8221; custom_padding_phone=&#8221;120px|||&#8221; top_divider_style=&#8221;asymmetric4&#8243; top_divider_repeat=&#8221;0.5x&#8221; top_divider_flip=&#8221;vertical&#8221; animation_style=&#8221;slide&#8221; animation_direction=&#8221;top&#8221; animation_intensity_slide=&#8221;2%&#8221; box_shadow_style=&#8221;preset3&#8243; box_shadow_vertical=&#8221;80px&#8221; box_shadow_blur=&#8221;200px&#8221; box_shadow_spread=&#8221;-40px&#8221; box_shadow_color=&#8221;rgba(0,0,0,0.12)&#8221; global_colors_info=&#8221;{}&#8221;][et_pb_row admin_label=&#8221;Hero Area&#8221; _builder_version=&#8221;4.16&#8243; background_size=&#8221;initial&#8221; background_position=&#8221;top_left&#8221; background_repeat=&#8221;repeat&#8221; custom_margin=&#8221;|auto|-109vw|auto||&#8221; global_colors_info=&#8221;{}&#8221;][et_pb_column type=&#8221;4_4&#8243; _builder_version=&#8221;4.16&#8243; custom_padding=&#8221;|||&#8221; global_colors_info=&#8221;{}&#8221; custom_padding__hover=&#8221;|||&#8221;][et_pb_text admin_label=&#8221;Title&#8221; _builder_version=&#8221;4.16&#8243; text_font=&#8221;||||||||&#8221; quote_font=&#8221;||||||||&#8221; header_font=&#8221;Bungee||||||||&#8221; header_font_size=&#8221;80px&#8221; header_line_height=&#8221;1.4em&#8221; header_2_font=&#8221;||||||||&#8221; background_layout=&#8221;dark&#8221; custom_margin=&#8221;|||-40px&#8221; custom_margin_tablet=&#8221;&#8221; custom_margin_phone=&#8221;|||0px&#8221; custom_margin_last_edited=&#8221;on|phone&#8221; custom_padding=&#8221;|||30px&#8221; animation_style=&#8221;slide&#8221; animation_direction=&#8221;top&#8221; animation_intensity_slide=&#8221;5%&#8221; animation_starting_opacity=&#8221;100%&#8221; header_font_size_tablet=&#8221;40px&#8221; header_font_size_phone=&#8221;&#8221; header_font_size_last_edited=&#8221;on|tablet&#8221; border_color_all=&#8221;#ff5400&#8243; border_width_left=&#8221;10px&#8221; global_colors_info=&#8221;{}&#8221;]<\/p>\n<h1><span style=\"font-size: xx-large;\">PLATA CLEANING<\/span><\/h1>\n<h1><span style=\"font-size: xx-large;\">sprz\u0105tamy Kompleksowo<\/span><\/h1>\n<p>[\/et_pb_text][et_pb_text admin_label=&#8221;Subtitle&#8221; _builder_version=&#8221;4.16&#8243; text_font=&#8221;||||||||&#8221; text_font_size=&#8221;20px&#8221; text_line_height=&#8221;1.8em&#8221; header_font=&#8221;||||||||&#8221; background_layout=&#8221;dark&#8221; max_width=&#8221;700px&#8221; max_width_tablet=&#8221;&#8221; max_width_phone=&#8221;&#8221; max_width_last_edited=&#8221;on|tablet&#8221; custom_margin=&#8221;|||&#8221; custom_padding=&#8221;||1px|||&#8221; animation_style=&#8221;slide&#8221; animation_direction=&#8221;top&#8221; animation_intensity_slide=&#8221;5%&#8221; animation_starting_opacity=&#8221;100%&#8221; global_colors_info=&#8221;{}&#8221;]<\/p>\n<p>Posiadamy kilkunastoletnie do\u015bwiadczenie w bran\u017cy us\u0142ug porz\u0105dkowych w kraju i za granic\u0105. Dzi\u0119ki du\u017cemu do\u015bwiadczeniu naszych pracownik\u00f3w oferujemy profesjonalne podej\u015bcie i du\u017c\u0105 elastyczno\u015b\u0107 w codziennym utrzymaniu czysto\u015bci wszelkiego rodzaju pomieszcze\u0144. Swoim klientom oferujemy szeroki wachlarz us\u0142ug wykonywanych zawsze wysokiej klasy sprz\u0119tem i \u015brodkami renomowanych firm. Oferujemy kompleksowe czyszczenie powierzchni biurowych, sanitarnych, hal i magazyn\u00f3w, odkurzanie, mycie szyb i profesjonalne czyszczenie posadzek ka\u017cdego typu. Nasze dzia\u0142ania gwarantuj\u0105 pracownikom bezpieczne i higieniczne \u015brodowisko pracy.<\/p>\n<ul><\/ul>\n<p>[\/et_pb_text][\/et_pb_column][\/et_pb_row][\/et_pb_section][et_pb_section fb_built=&#8221;1&#8243; admin_label=&#8221;Service Section&#8221; _builder_version=&#8221;4.24.2&#8243; background_image=&#8221;http:\/\/plata.net.pl\/wp-content\/uploads\/2024\/03\/cleaning-services-20.jpg&#8221; background_size=&#8221;initial&#8221; background_blend=&#8221;color-burn&#8221; module_alignment=&#8221;right&#8221; custom_margin=&#8221;-210px|0px||0px|false|false&#8221; custom_padding=&#8221;48px||69px|||&#8221; filter_opacity=&#8221;84%&#8221; global_colors_info=&#8221;{}&#8221;][et_pb_row admin_label=&#8221;Service Area&#8221; _builder_version=&#8221;4.16&#8243; locked=&#8221;off&#8221; global_colors_info=&#8221;{}&#8221;][et_pb_column type=&#8221;4_4&#8243; _builder_version=&#8221;4.16&#8243; custom_padding=&#8221;|||&#8221; global_colors_info=&#8221;{}&#8221; custom_padding__hover=&#8221;|||&#8221;][et_pb_text admin_label=&#8221;Title&#8221; _builder_version=&#8221;4.24.2&#8243; text_font=&#8221;||||||||&#8221; header_font=&#8221;||||||||&#8221; header_2_font=&#8221;Bungee||||||||&#8221; header_2_font_size=&#8221;48px&#8221; header_2_line_height=&#8221;1.4em&#8221; custom_margin=&#8221;45px|||-40px|false|false&#8221; custom_margin_tablet=&#8221;&#8221; custom_margin_phone=&#8221;|||0px&#8221; custom_margin_last_edited=&#8221;on|phone&#8221; custom_padding=&#8221;||16px|30px||&#8221; animation_style=&#8221;fold&#8221; animation_direction=&#8221;left&#8221; animation_intensity_fold=&#8221;5%&#8221; animation_starting_opacity=&#8221;100%&#8221; header_2_font_size_tablet=&#8221;30px&#8221; header_2_font_size_phone=&#8221;&#8221; header_2_font_size_last_edited=&#8221;on|tablet&#8221; border_color_all=&#8221;#ff5400&#8243; border_width_left=&#8221;10px&#8221; global_colors_info=&#8221;{}&#8221;]<\/p>\n<h2>Nasze Us\u0142ugi<\/h2>\n<p>[\/et_pb_text][\/et_pb_column][\/et_pb_row][et_pb_row column_structure=&#8221;1_5,1_5,1_5,1_5,1_5&#8243; admin_label=&#8221;Services&#8221; _builder_version=&#8221;4.16&#8243; custom_margin=&#8221;10px|||&#8221; global_colors_info=&#8221;{}&#8221;][et_pb_column type=&#8221;1_5&#8243; _builder_version=&#8221;4.16&#8243; custom_padding=&#8221;|||&#8221; global_colors_info=&#8221;{}&#8221; custom_padding__hover=&#8221;|||&#8221;][et_pb_icon font_icon=&#8221;&#xf594;||fa||900&#8243; icon_color=&#8221;#2974d0&#8243; _builder_version=&#8221;4.24.2&#8243; _module_preset=&#8221;default&#8221; global_colors_info=&#8221;{}&#8221;][\/et_pb_icon][et_pb_text _builder_version=&#8221;4.24.2&#8243; _module_preset=&#8221;default&#8221; text_font=&#8221;Bungee||||||||&#8221; inline_fonts=&#8221;ABeeZee,Albert Sans&#8221; global_colors_info=&#8221;{}&#8221;]<\/p>\n<h4 class=\"et_pb_module_header et-fb-editable-element et-fb-editable-element et-fb-editable-element__editing\" data-shortcode-id=\"1.1.0.0-1709561453782\" data-quickaccess-id=\"header\" contenteditable=\"true\" style=\"text-align: center;\">Sprz\u0105tanie Biur<\/h4>\n<div data-shortcode-id=\"1.1.0.2-1709562799599\" data-quickaccess-id=\"body\" data-quickaccess-editable=\"yes\" class=\"et-fb-popover-tinymce\">\n<div class=\"mce-content-body\" contenteditable=\"true\" style=\"position: relative;\">\n<h4 style=\"text-align: center;\"><span style=\"font-family: 'Albert Sans'; font-weight: normal;\">Sprz\u0105tamy kompleksowo <span style=\"font-family: inherit;\">nowoczesne<\/span> biurowce i mniejsze biura<\/span><\/h4>\n<\/div>\n<\/div>\n<p>&nbsp;<\/p>\n<p>[\/et_pb_text][\/et_pb_column][et_pb_column type=&#8221;1_5&#8243; _builder_version=&#8221;4.24.2&#8243; _module_preset=&#8221;default&#8221; global_colors_info=&#8221;{}&#8221;][et_pb_icon font_icon=&#8221;&#xf187;||fa||900&#8243; icon_color=&#8221;#2974d0&#8243; _builder_version=&#8221;4.24.2&#8243; _module_preset=&#8221;default&#8221; global_colors_info=&#8221;{}&#8221;][\/et_pb_icon][et_pb_text _builder_version=&#8221;4.24.2&#8243; _module_preset=&#8221;default&#8221; text_font=&#8221;Bungee||||||||&#8221; inline_fonts=&#8221;ABeeZee,Albert Sans&#8221; global_colors_info=&#8221;{}&#8221;]<\/p>\n<h4 class=\"et_pb_module_header et-fb-editable-element et-fb-editable-element et-fb-editable-element__editing\" data-shortcode-id=\"1.1.0.0-1709561453782\" data-quickaccess-id=\"header\" contenteditable=\"true\" style=\"text-align: center;\">Sprz\u0105tanie Hal Magazynowych<\/h4>\n<div data-shortcode-id=\"1.1.0.2-1709562799599\" data-quickaccess-id=\"body\" data-quickaccess-editable=\"yes\" class=\"et-fb-popover-tinymce\">\n<div class=\"mce-content-body\" contenteditable=\"true\" style=\"position: relative;\">\n<h4 style=\"text-align: center;\"><span style=\"font-family: 'Albert Sans'; font-weight: normal;\">Sprz\u0105tamy hale produkcyjne i magazynowe, cz\u0119\u015bci socjalne i sanitarne<\/span><\/h4>\n<\/div>\n<\/div>\n<p>[\/et_pb_text][\/et_pb_column][et_pb_column type=&#8221;1_5&#8243; _builder_version=&#8221;4.24.2&#8243; _module_preset=&#8221;default&#8221; global_colors_info=&#8221;{}&#8221;][et_pb_icon font_icon=&#8221;&#xf4c1;||fa||900&#8243; icon_color=&#8221;#2974d0&#8243; _builder_version=&#8221;4.24.2&#8243; _module_preset=&#8221;default&#8221; global_colors_info=&#8221;{}&#8221;][\/et_pb_icon][et_pb_text _builder_version=&#8221;4.24.2&#8243; _module_preset=&#8221;default&#8221; text_font=&#8221;Bungee||||||||&#8221; inline_fonts=&#8221;ABeeZee,Albert Sans&#8221; global_colors_info=&#8221;{}&#8221;]<\/p>\n<h4 class=\"et_pb_module_header et-fb-editable-element et-fb-editable-element et-fb-editable-element__editing\" data-shortcode-id=\"1.1.0.0-1709561453782\" data-quickaccess-id=\"header\" contenteditable=\"true\" style=\"text-align: center;\">Jeste\u015bmy dostawc\u0105<\/h4>\n<div data-shortcode-id=\"1.1.0.2-1709562799599\" data-quickaccess-id=\"body\" data-quickaccess-editable=\"yes\" class=\"et-fb-popover-tinymce\">\n<div class=\"mce-content-body\" contenteditable=\"true\" style=\"position: relative;\">\n<h4 style=\"text-align: center;\"><span style=\"font-family: 'Albert Sans'; font-weight: normal;\">Dostarczamy i uzupe\u0142niamy r\u0119czniki, papiery, myd\u0142a,\u00a0 \u015brodki zapachowe i dezynfekuj\u0105ce<\/span><\/h4>\n<\/div>\n<\/div>\n<p>[\/et_pb_text][\/et_pb_column][et_pb_column type=&#8221;1_5&#8243; _builder_version=&#8221;4.16&#8243; custom_padding=&#8221;|||&#8221; global_colors_info=&#8221;{}&#8221; custom_padding__hover=&#8221;|||&#8221;][et_pb_icon font_icon=&#8221;&#xf84c;||fa||900&#8243; icon_color=&#8221;#2974d0&#8243; _builder_version=&#8221;4.24.2&#8243; _module_preset=&#8221;default&#8221; global_colors_info=&#8221;{}&#8221;][\/et_pb_icon][et_pb_text _builder_version=&#8221;4.24.2&#8243; _module_preset=&#8221;default&#8221; text_font=&#8221;Bungee||||||||&#8221; inline_fonts=&#8221;ABeeZee,Albert Sans&#8221; global_colors_info=&#8221;{}&#8221;]<\/p>\n<h4 class=\"et_pb_module_header et-fb-editable-element et-fb-editable-element et-fb-editable-element__editing\" data-shortcode-id=\"1.1.0.0-1709561453782\" data-quickaccess-id=\"header\" contenteditable=\"true\" style=\"text-align: center;\">Mycie Okien i witryn<\/h4>\n<div data-shortcode-id=\"1.1.0.2-1709562799599\" data-quickaccess-id=\"body\" data-quickaccess-editable=\"yes\" class=\"et-fb-popover-tinymce\">\n<div class=\"mce-content-body\" contenteditable=\"true\" style=\"position: relative;\">\n<h4 style=\"text-align: center;\"><span style=\"font-family: 'Albert Sans'; font-weight: normal;\">\u00a0Mycie okien wewn\u0105trz i z zewn\u0105trz<\/span><\/h4>\n<\/div>\n<\/div>\n<p>[\/et_pb_text][\/et_pb_column][et_pb_column type=&#8221;1_5&#8243; _builder_version=&#8221;4.16&#8243; custom_padding=&#8221;|||&#8221; global_colors_info=&#8221;{}&#8221; custom_padding__hover=&#8221;|||&#8221;][et_pb_icon font_icon=&#8221;&#xf51a;||fa||900&#8243; icon_color=&#8221;#2974d0&#8243; _builder_version=&#8221;4.24.2&#8243; _module_preset=&#8221;default&#8221; global_colors_info=&#8221;{}&#8221;][\/et_pb_icon][et_pb_text _builder_version=&#8221;4.24.2&#8243; _module_preset=&#8221;default&#8221; text_font=&#8221;Bungee||||||||&#8221; inline_fonts=&#8221;ABeeZee,Albert Sans&#8221; global_colors_info=&#8221;{}&#8221;]<\/p>\n<h4 class=\"et_pb_module_header et-fb-editable-element et-fb-editable-element et-fb-editable-element__editing\" data-shortcode-id=\"1.1.0.0-1709561453782\" data-quickaccess-id=\"header\" contenteditable=\"true\" style=\"text-align: center;\">Czyszczenie pod\u0142\u00f3g<\/h4>\n<div data-shortcode-id=\"1.1.0.2-1709562799599\" data-quickaccess-id=\"body\" data-quickaccess-editable=\"yes\" class=\"et-fb-popover-tinymce\">\n<div class=\"mce-content-body\" contenteditable=\"true\" style=\"position: relative;\">\n<h4 style=\"text-align: center;\"><span style=\"font-family: 'Albert Sans'; font-weight: normal;\">\u00a0Czy\u015bcimy wyk\u0142adziny dywanowe, tapicerki, doczyszczamy i konserwujemy posadzki<\/span><\/h4>\n<\/div>\n<\/div>\n<p>[\/et_pb_text][\/et_pb_column][\/et_pb_row][et_pb_row _builder_version=&#8221;4.16&#8243; global_colors_info=&#8221;{}&#8221;][et_pb_column type=&#8221;4_4&#8243; _builder_version=&#8221;4.16&#8243; custom_padding=&#8221;|||&#8221; global_colors_info=&#8221;{}&#8221; custom_padding__hover=&#8221;|||&#8221;][et_pb_button button_url=&#8221;@ET-DC@eyJkeW5hbWljIjp0cnVlLCJjb250ZW50IjoicG9zdF9saW5rX3VybF9wYWdlIiwic2V0dGluZ3MiOnsicG9zdF9pZCI6IjE0MjY4In19@&#8221; button_text=&#8221;Wszystkie Nasze us\u0142ugi&#8221; button_alignment=&#8221;center&#8221; _builder_version=&#8221;4.24.2&#8243; _dynamic_attributes=&#8221;button_url&#8221; custom_button=&#8221;on&#8221; button_text_size=&#8221;16px&#8221; button_bg_color=&#8221;#0072ff&#8221; button_border_width=&#8221;12px&#8221; button_border_color=&#8221;#0072ff&#8221; button_border_radius=&#8221;0px&#8221; button_letter_spacing=&#8221;4px&#8221; button_font=&#8221;Bungee||||||||&#8221; button_icon=&#8221;&#x24;||divi||400&#8243; background_layout=&#8221;dark&#8221; animation_style=&#8221;slide&#8221; animation_direction=&#8221;top&#8221; animation_intensity_slide=&#8221;5%&#8221; animation_starting_opacity=&#8221;100%&#8221; locked=&#8221;off&#8221; global_colors_info=&#8221;{}&#8221; button_text_size__hover_enabled=&#8221;off&#8221; button_one_text_size__hover_enabled=&#8221;off&#8221; button_two_text_size__hover_enabled=&#8221;off&#8221; button_text_color__hover_enabled=&#8221;off&#8221; button_one_text_color__hover_enabled=&#8221;off&#8221; button_two_text_color__hover_enabled=&#8221;off&#8221; button_border_width__hover_enabled=&#8221;off&#8221; button_one_border_width__hover_enabled=&#8221;off&#8221; button_two_border_width__hover_enabled=&#8221;off&#8221; button_border_color__hover_enabled=&#8221;off&#8221; button_one_border_color__hover_enabled=&#8221;off&#8221; button_two_border_color__hover_enabled=&#8221;off&#8221; button_border_radius__hover_enabled=&#8221;off&#8221; button_one_border_radius__hover_enabled=&#8221;off&#8221; button_two_border_radius__hover_enabled=&#8221;off&#8221; button_letter_spacing__hover_enabled=&#8221;off&#8221; button_one_letter_spacing__hover_enabled=&#8221;off&#8221; button_two_letter_spacing__hover_enabled=&#8221;off&#8221; button_bg_color__hover_enabled=&#8221;off&#8221; button_one_bg_color__hover_enabled=&#8221;off&#8221; button_two_bg_color__hover_enabled=&#8221;off&#8221;][\/et_pb_button][\/et_pb_column][\/et_pb_row][\/et_pb_section]<\/p>\n","protected":false},"excerpt":{"rendered":"<p>PLATA CLEANING sprz\u0105tamy KompleksowoPosiadamy kilkunastoletnie do\u015bwiadczenie w bran\u017cy us\u0142ug porz\u0105dkowych w kraju i za granic\u0105. Dzi\u0119ki du\u017cemu do\u015bwiadczeniu naszych pracownik\u00f3w oferujemy profesjonalne podej\u015bcie i du\u017c\u0105 elastyczno\u015b\u0107 w codziennym utrzymaniu czysto\u015bci wszelkiego rodzaju pomieszcze\u0144. Swoim klientom oferujemy szeroki wachlarz us\u0142ug wykonywanych zawsze wysokiej klasy sprz\u0119tem i \u015brodkami renomowanych firm. Oferujemy kompleksowe czyszczenie powierzchni biurowych, sanitarnych, hal [&hellip;]<\/p>\n","protected":false},"author":1,"featured_media":0,"parent":0,"menu_order":0,"comment_status":"closed","ping_status":"closed","template":"","meta":{"_et_pb_use_builder":"on","_et_pb_old_content":"","_et_gb_content_width":"","_monsterinsights_skip_tracking":false,"_monsterinsights_sitenote_active":false,"_monsterinsights_sitenote_note":"","_monsterinsights_sitenote_category":0,"footnotes":""},"class_list":["post-14256","page","type-page","status-publish","hentry"],"aioseo_notices":[],"_links":{"self":[{"href":"http:\/\/plata.net.pl\/index.php?rest_route=\/wp\/v2\/pages\/14256"}],"collection":[{"href":"http:\/\/plata.net.pl\/index.php?rest_route=\/wp\/v2\/pages"}],"about":[{"href":"http:\/\/plata.net.pl\/index.php?rest_route=\/wp\/v2\/types\/page"}],"author":[{"embeddable":true,"href":"http:\/\/plata.net.pl\/index.php?rest_route=\/wp\/v2\/users\/1"}],"replies":[{"embeddable":true,"href":"http:\/\/plata.net.pl\/index.php?rest_route=%2Fwp%2Fv2%2Fcomments&post=14256"}],"version-history":[{"count":13,"href":"http:\/\/plata.net.pl\/index.php?rest_route=\/wp\/v2\/pages\/14256\/revisions"}],"predecessor-version":[{"id":14359,"href":"http:\/\/plata.net.pl\/index.php?rest_route=\/wp\/v2\/pages\/14256\/revisions\/14359"}],"wp:attachment":[{"href":"http:\/\/plata.net.pl\/index.php?rest_route=%2Fwp%2Fv2%2Fmedia&parent=14256"}],"curies":[{"name":"wp","href":"https:\/\/api.w.org\/{rel}","templated":true}]}}